{"id":153,"date":"2022-06-03T19:13:45","date_gmt":"2022-06-03T17:13:45","guid":{"rendered":"https:\/\/sonerbox.fr\/wpempreintes\/?page_id=153"},"modified":"2026-04-08T09:13:28","modified_gmt":"2026-04-08T07:13:28","slug":"prestations-tarifs","status":"publish","type":"page","link":"https:\/\/sonerbox.fr\/wpempreintes\/prestations-tarifs\/","title":{"rendered":"Prestations et tarifs"},"content":{"rendered":"\n<p style=\"font-size:1px\"><mark style=\"background-color:rgba(0, 0, 0, 0)\" class=\"has-inline-color has-white-color\">Prestations, tarifs<\/mark><\/p>\n\n\n\n<div class=\"wp-block-media-text alignfull is-stacked-on-mobile is-vertically-aligned-center\" style=\"grid-template-columns:31% auto\"><figure class=\"wp-block-media-text__media\"><img loading=\"lazy\" decoding=\"async\" width=\"640\" height=\"480\" src=\"https:\/\/sonerbox.fr\/wpempreintes\/wp-content\/uploads\/2022\/06\/Huile-fleurs.jpg\" alt=\"Prestations, tarifs des massages aux huiles propos\u00e9s par Les Empreintes - Flore Proust, massages bien-\u00eatre \u00e0 Capdenac-Gare.\" class=\"wp-image-151 size-full\" srcset=\"https:\/\/sonerbox.fr\/wpempreintes\/wp-content\/uploads\/2022\/06\/Huile-fleurs.jpg 640w, https:\/\/sonerbox.fr\/wpempreintes\/wp-content\/uploads\/2022\/06\/Huile-fleurs-300x225.jpg 300w, https:\/\/sonerbox.fr\/wpempreintes\/wp-content\/uploads\/2022\/06\/Huile-fleurs-80x60.jpg 80w, https:\/\/sonerbox.fr\/wpempreintes\/wp-content\/uploads\/2022\/06\/Huile-fleurs-110x83.jpg 110w\" sizes=\"auto, (max-width: 640px) 100vw, 640px\" \/><\/figure><div class=\"wp-block-media-text__content\">\n<p class=\"has-medium-font-size\"><strong><mark style=\"background-color:rgba(0, 0, 0, 0);color:#8ac7aa\" class=\"has-inline-color\"><a href=\"https:\/\/sonerbox.fr\/wpempreintes\/massages-aux-huiles\/\">Massages aux huiles<\/a><\/mark><\/strong><\/p>\n\n\n\n<p class=\"has-text-align-left\" style=\"font-size:18px\"><em>Ils se pratiquent sur table. <\/em> <em>Les huiles v\u00e9g\u00e9tales utilis\u00e9es sont bio, issues de la premi\u00e8re pression \u00e0 froid. Elles ont des propri\u00e9t\u00e9s diverses, on les choisit en fonction de vos besoins et du massage.<\/em><\/p>\n\n\n\n<p style=\"font-size:18px\"><strong>Visage, mains, pieds<\/strong> : <strong>30 min<\/strong> &#8211; <strong>35,00 \u20ac<\/strong><\/p>\n\n\n\n<p style=\"font-size:18px\"><strong>Dos, cou, nuque<\/strong> : <strong>45 min<\/strong> &#8211; <strong>50,00 \u20ac<\/strong><\/p>\n\n\n\n<p style=\"font-size:18px\"><strong>Massage corps entier<\/strong> (au choix, parmi Hypot\u00e9nuse, Balinais et Lomi-Lomi) : <strong>1h <\/strong>&#8211;<strong> 65,00 \u20ac<\/strong> \/ <strong>1h20 <\/strong>&#8211;<strong> 80,00 \u20ac<\/strong> \/ <strong>1h30 <\/strong>&#8211;<strong> 90,00 \u20ac<\/strong><\/p>\n\n\n\n<p style=\"font-size:18px\"><strong>Traces indiennes<\/strong> (enveloppant) : <strong>1h45<\/strong> &#8211; <strong>120,00 \u20ac<\/strong><\/p>\n<\/div><\/div>\n\n\n\n<hr class=\"wp-block-separator has-alpha-channel-opacity\"\/>\n\n\n\n<div class=\"wp-block-media-text alignwide is-stacked-on-mobile\" style=\"grid-template-columns:32% auto\"><figure class=\"wp-block-media-text__media\"><img loading=\"lazy\" decoding=\"async\" width=\"1024\" height=\"682\" src=\"https:\/\/sonerbox.fr\/wpempreintes\/wp-content\/uploads\/2023\/07\/Empreintes-sable-neige-1024x682.jpg\" alt=\"Prestations, tarifs des massages \u00e9nerg\u00e9tiques propos\u00e9s par Les Empreintes - Flore Proust, massages bien-\u00eatre \u00e0 Capdenac-Gare.\" class=\"wp-image-1420 size-full\" srcset=\"https:\/\/sonerbox.fr\/wpempreintes\/wp-content\/uploads\/2023\/07\/Empreintes-sable-neige-1024x682.jpg 1024w, https:\/\/sonerbox.fr\/wpempreintes\/wp-content\/uploads\/2023\/07\/Empreintes-sable-neige-300x200.jpg 300w, https:\/\/sonerbox.fr\/wpempreintes\/wp-content\/uploads\/2023\/07\/Empreintes-sable-neige-768x512.jpg 768w, https:\/\/sonerbox.fr\/wpempreintes\/wp-content\/uploads\/2023\/07\/Empreintes-sable-neige-90x60.jpg 90w, https:\/\/sonerbox.fr\/wpempreintes\/wp-content\/uploads\/2023\/07\/Empreintes-sable-neige-370x247.jpg 370w, https:\/\/sonerbox.fr\/wpempreintes\/wp-content\/uploads\/2023\/07\/Empreintes-sable-neige-776x517.jpg 776w, https:\/\/sonerbox.fr\/wpempreintes\/wp-content\/uploads\/2023\/07\/Empreintes-sable-neige.jpg 1280w\" sizes=\"auto, (max-width: 1024px) 100vw, 1024px\" \/><\/figure><div class=\"wp-block-media-text__content\">\n<p class=\"has-medium-font-size\"><strong><mark style=\"background-color:rgba(0, 0, 0, 0);color:#8ac7aa\" class=\"has-inline-color\"><a href=\"https:\/\/sonerbox.fr\/wpempreintes\/massages-sans-huile\/\" title=\"Massages sans huile\">Massages sans huile<\/a><\/mark><\/strong><\/p>\n\n\n\n<p style=\"font-size:18px\"><em>Ils se pratiquent sur table ou chaise de massage.<\/em> <em>Sans huile et habill\u00e9\u00b7e<\/em>, <em>ce sont des massages \u00ab\u00a0en creux\u00a0\u00bb qui r\u00e9sonnent dans le corps.<\/em><\/p>\n\n\n\n<p style=\"font-size:18px\"><strong>Onavi<\/strong> (ondes int\u00e9rieures) : <strong>1h<\/strong> &#8211;<strong> 60,00 \u20ac<\/strong><\/p>\n\n\n\n<p style=\"font-size:18px\"><strong>Global Chinois <\/strong>(harmonise) : <strong>40 min<\/strong> &#8211; <strong>40,00 \u20ac<\/strong><\/p>\n\n\n\n<p style=\"font-size:18px\"><strong>Massage assis<\/strong> : <strong>20 min<\/strong> &#8211; <strong>20,00 \u20ac<\/strong><\/p>\n<\/div><\/div>\n\n\n\n<hr class=\"wp-block-separator has-alpha-channel-opacity\"\/>\n\n\n\n<div class=\"wp-block-media-text alignwide is-stacked-on-mobile\" style=\"grid-template-columns:32% auto\"><figure class=\"wp-block-media-text__media\"><img loading=\"lazy\" decoding=\"async\" width=\"640\" height=\"475\" src=\"https:\/\/sonerbox.fr\/wpempreintes\/wp-content\/uploads\/2022\/06\/Fleuves-africains.jpg\" alt=\"Prestations, tarifs du massage d\u00e9toxifiant propos\u00e9 par Les Empreintes - Flore Proust, massages bien-\u00eatre \u00e0 Capdenac-Gare.\" class=\"wp-image-170 size-full\" srcset=\"https:\/\/sonerbox.fr\/wpempreintes\/wp-content\/uploads\/2022\/06\/Fleuves-africains.jpg 640w, https:\/\/sonerbox.fr\/wpempreintes\/wp-content\/uploads\/2022\/06\/Fleuves-africains-300x223.jpg 300w, https:\/\/sonerbox.fr\/wpempreintes\/wp-content\/uploads\/2022\/06\/Fleuves-africains-81x60.jpg 81w, https:\/\/sonerbox.fr\/wpempreintes\/wp-content\/uploads\/2022\/06\/Fleuves-africains-110x83.jpg 110w\" sizes=\"auto, (max-width: 640px) 100vw, 640px\" \/><\/figure><div class=\"wp-block-media-text__content\">\n<p class=\"has-medium-font-size\"><mark style=\"background-color:rgba(0, 0, 0, 0);color:#8ac7aa\" class=\"has-inline-color\"><strong><a href=\"https:\/\/sonerbox.fr\/wpempreintes\/massage-detoxifiant\/\" title=\"\">\u00ab\u00a0Chemins d&rsquo;eau et de lymphe\u00a0\u00bb (drainage lymphatique manuel)<\/a><\/strong><\/mark><\/p>\n\n\n\n<p style=\"font-size:18px\"><em>Par ses man\u0153uvres douces et profondes, ce massage permet un nettoyage de l&rsquo;organisme gr\u00e2ce \u00e0 l&rsquo;am\u00e9lioration de la circulation de l&rsquo;eau dans les tissus.<\/em><\/p>\n\n\n\n<p style=\"font-size:18px\">Cycle <strong>corps entier : 550,00 \u20ac<\/strong> &#8211; forfait de <strong>10<\/strong> s\u00e9ances.<\/p>\n\n\n\n<p style=\"font-size:18px\">Cycle <strong>jambes l\u00e9g\u00e8res<\/strong> : <strong>250,00 \u20ac<\/strong> &#8211; forfait de <strong>5<\/strong> s\u00e9ances.<\/p>\n\n\n\n<p style=\"font-size:18px\"><strong>S\u00e9ance corps entier<\/strong> : <strong>1h30 &#8211; 90,00 \u20ac<\/strong><\/p>\n<\/div><\/div>\n\n\n\n<hr class=\"wp-block-separator has-alpha-channel-opacity\"\/>\n\n\n\n<div class=\"wp-block-media-text alignfull is-stacked-on-mobile is-vertically-aligned-center\" style=\"grid-template-columns:31% auto\"><figure class=\"wp-block-media-text__media\"><img loading=\"lazy\" decoding=\"async\" width=\"640\" height=\"470\" src=\"https:\/\/sonerbox.fr\/wpempreintes\/wp-content\/uploads\/2022\/06\/Pigments-encre.jpg\" alt=\"Prestations, tarifs des massages sur mesure propos\u00e9s par Les Empreintes - Flore Proust, massages bien-\u00eatre \u00e0 Capdenac-Gare.\" class=\"wp-image-55 size-full\" srcset=\"https:\/\/sonerbox.fr\/wpempreintes\/wp-content\/uploads\/2022\/06\/Pigments-encre.jpg 640w, https:\/\/sonerbox.fr\/wpempreintes\/wp-content\/uploads\/2022\/06\/Pigments-encre-300x220.jpg 300w, https:\/\/sonerbox.fr\/wpempreintes\/wp-content\/uploads\/2022\/06\/Pigments-encre-82x60.jpg 82w\" sizes=\"auto, (max-width: 640px) 100vw, 640px\" \/><\/figure><div class=\"wp-block-media-text__content\">\n<p class=\"has-text-align-left has-medium-font-size\"><strong>Massage sur mesure<\/strong><\/p>\n\n\n\n<p style=\"font-size:18px\"><em>Les techniques se m\u00ealent, s&rsquo;adaptent dans le temps et au fil de vos envies et besoins. En s\u00e9ance ponctuelle ou plusieurs s\u00e9ances qui se r\u00e9pondent et vous accompagnent.<\/em><\/p>\n\n\n\n<p style=\"font-size:18px\">Sur-mesure <strong>1h : 65,00 \u20ac<\/strong> \/ <strong>1h20 : 80,00 \u20ac<\/strong> \/ <strong>1h30 : 90,00 \u20ac<\/strong><\/p>\n\n\n\n<p style=\"font-size:18px\">Accompagnement possible :  <strong><a href=\"https:\/\/view.genial.ly\/6321b290ee3e110012cccde9\/interactive-image-image-interactive\" target=\"_blank\" rel=\"noopener\" title=\"\">\u00ab\u00a0Retour au corps\u00a0\u00bb<\/a><\/strong><\/p>\n<\/div><\/div>\n\n\n\n<hr class=\"wp-block-separator has-alpha-channel-opacity\"\/>\n\n\n\n<p style=\"font-size:18px\">Pour un massage bien-\u00eatre <strong>\u00e0 domicile : + 20,00 \u20ac<\/strong> (temps de trajet et d&rsquo;installation).<\/p>\n\n\n\n<p style=\"font-size:18px\">Au-del\u00e0 d&rsquo;un rayon de 5 kilom\u00e8tres autour de Capdenac-Gare, un suppl\u00e9ment pour couvrir <strong>les frais de d\u00e9placement<\/strong> sera demand\u00e9 (<strong>0,60 \u20ac\/km<\/strong>).<\/p>\n\n\n\n<hr class=\"wp-block-separator has-alpha-channel-opacity\"\/>\n\n\n\n<p class=\"has-text-align-center has-black-color has-text-color\" style=\"font-size:18px\"><em><mark style=\"background-color:rgba(0, 0, 0, 0)\" class=\"has-inline-color has-black-color\"><strong>Pour en savoir plus sur les propri\u00e9t\u00e9s des diff\u00e9rents massages et les offres, rendez-vous en <a rel=\"noreferrer noopener\" href=\"https:\/\/sonerbox.fr\/wpempreintes\/\" target=\"_blank\">page d&rsquo;accueil<\/a>.<\/strong><\/mark><\/em><\/p>\n\n\n\n<p style=\"font-size:18px\">Le rendez-vous peut \u00eatre <mark style=\"background-color:rgba(0, 0, 0, 0);color:#8ac7aa\" class=\"has-inline-color\"><strong>pr\u00e9c\u00e9d\u00e9 d\u2019un entretien<\/strong><\/mark> afin que nous puissions convenir ensemble du <mark style=\"background-color:rgba(0, 0, 0, 0);color:#8ac7aa\" class=\"has-inline-color\"><strong>massage le plus adapt\u00e9 \u00e0 vos envies<\/strong><\/mark>, en m\u2019assurant que vous ne pr\u00e9sentiez <mark style=\"background-color:rgba(0, 0, 0, 0);color:#8ac7aa\" class=\"has-inline-color\"><strong>pas de contre- indications<\/strong><\/mark> selon les prestations propos\u00e9es. Ces \u00e9changes me permettent de vous \u00e9couter, vous conna\u00eetre pour mieux identifier et comprendre vos besoins et ainsi vous <strong><mark style=\"background-color:rgba(0, 0, 0, 0);color:#8ac7aa\" class=\"has-inline-color\">accompagner<\/mark><\/strong>.<\/p>\n\n\n\n<p class=\"has-text-align-center has-black-color has-text-color has-background\" style=\"background-color:#8ac7aa;font-size:18px\"><img loading=\"lazy\" decoding=\"async\" width=\"35\" height=\"31\" class=\"wp-image-282\" style=\"width: 35px;\" src=\"https:\/\/sonerbox.fr\/wpempreintes\/wp-content\/uploads\/2022\/06\/Avertissement.png\" alt=\"\" srcset=\"https:\/\/sonerbox.fr\/wpempreintes\/wp-content\/uploads\/2022\/06\/Avertissement.png 640w, https:\/\/sonerbox.fr\/wpempreintes\/wp-content\/uploads\/2022\/06\/Avertissement-300x263.png 300w, https:\/\/sonerbox.fr\/wpempreintes\/wp-content\/uploads\/2022\/06\/Avertissement-69x60.png 69w\" sizes=\"auto, (max-width: 35px) 100vw, 35px\" \/> <em>Les massages de bien-\u00eatre <strong>ne sont \u00e0 caract\u00e8re ni sexuel ni th\u00e9rapeutique.<\/strong><\/em><\/p>\n","protected":false},"excerpt":{"rendered":"<p>Prestations, tarifs Massages aux huiles Ils se pratiquent sur table. Les huiles v\u00e9g\u00e9tales utilis\u00e9es sont bio, issues de la premi\u00e8re pression \u00e0 froid. Elles ont des propri\u00e9t\u00e9s diverses, on les &hellip; <\/p>\n","protected":false},"author":1,"featured_media":0,"parent":0,"menu_order":0,"comment_status":"closed","ping_status":"closed","template":"","meta":{"footnotes":""},"class_list":["post-153","page","type-page","status-publish","hentry"],"aioseo_notices":[],"_links":{"self":[{"href":"https:\/\/sonerbox.fr\/wpempreintes\/wp-json\/wp\/v2\/pages\/153","targetHints":{"allow":["GET"]}}],"collection":[{"href":"https:\/\/sonerbox.fr\/wpempreintes\/wp-json\/wp\/v2\/pages"}],"about":[{"href":"https:\/\/sonerbox.fr\/wpempreintes\/wp-json\/wp\/v2\/types\/page"}],"author":[{"embeddable":true,"href":"https:\/\/sonerbox.fr\/wpempreintes\/wp-json\/wp\/v2\/users\/1"}],"replies":[{"embeddable":true,"href":"https:\/\/sonerbox.fr\/wpempreintes\/wp-json\/wp\/v2\/comments?post=153"}],"version-history":[{"count":168,"href":"https:\/\/sonerbox.fr\/wpempreintes\/wp-json\/wp\/v2\/pages\/153\/revisions"}],"predecessor-version":[{"id":1687,"href":"https:\/\/sonerbox.fr\/wpempreintes\/wp-json\/wp\/v2\/pages\/153\/revisions\/1687"}],"wp:attachment":[{"href":"https:\/\/sonerbox.fr\/wpempreintes\/wp-json\/wp\/v2\/media?parent=153"}],"curies":[{"name":"wp","href":"https:\/\/api.w.org\/{rel}","templated":true}]}}