{"id":155,"date":"2022-06-03T19:14:07","date_gmt":"2022-06-03T17:14:07","guid":{"rendered":"https:\/\/sonerbox.fr\/wpempreintes\/?page_id=155"},"modified":"2023-07-28T09:37:57","modified_gmt":"2023-07-28T07:37:57","slug":"projets","status":"publish","type":"page","link":"https:\/\/sonerbox.fr\/wpempreintes\/projets\/","title":{"rendered":"Projets"},"content":{"rendered":"\n<p style=\"font-size:18px\">\u00c0 travers la pratique du massage, je r\u00eave quelques projets&#8230;<\/p>\n\n\n\n<h5 class=\"wp-block-heading\"><mark style=\"background-color:rgba(0, 0, 0, 0);color:#8ac7aa\" class=\"has-inline-color\">Un futur local de massage<\/mark><\/h5>\n\n\n\n<p style=\"font-size:18px\">Mon souhait est de m&rsquo;installer et de proposer les massages bien-\u00eatre dans un local insolite et aussi \u00e9cologique que possible, dans un environnement paisible au plus pr\u00e8s de la nature tout en restant proche de Capdenac-Gare.<\/p>\n\n\n\n<figure class=\"wp-block-gallery has-nested-images columns-default is-cropped wp-block-gallery-1 is-layout-flex wp-block-gallery-is-layout-flex\">\n<figure class=\"wp-block-image size-large is-style-default\"><img loading=\"lazy\" decoding=\"async\" width=\"474\" height=\"355\" data-id=\"188\" src=\"https:\/\/sonerbox.fr\/wpempreintes\/wp-content\/uploads\/2022\/06\/Cabane-bois.jpg\" alt=\"\" class=\"wp-image-188\" srcset=\"https:\/\/sonerbox.fr\/wpempreintes\/wp-content\/uploads\/2022\/06\/Cabane-bois.jpg 474w, https:\/\/sonerbox.fr\/wpempreintes\/wp-content\/uploads\/2022\/06\/Cabane-bois-300x225.jpg 300w, https:\/\/sonerbox.fr\/wpempreintes\/wp-content\/uploads\/2022\/06\/Cabane-bois-80x60.jpg 80w, https:\/\/sonerbox.fr\/wpempreintes\/wp-content\/uploads\/2022\/06\/Cabane-bois-110x83.jpg 110w\" sizes=\"auto, (max-width: 474px) 100vw, 474px\" \/><\/figure>\n\n\n\n<figure class=\"wp-block-image size-large\"><img loading=\"lazy\" decoding=\"async\" width=\"1000\" height=\"750\" data-id=\"190\" src=\"https:\/\/sonerbox.fr\/wpempreintes\/wp-content\/uploads\/2022\/06\/Cabane-terre.jpg\" alt=\"\" class=\"wp-image-190\" srcset=\"https:\/\/sonerbox.fr\/wpempreintes\/wp-content\/uploads\/2022\/06\/Cabane-terre.jpg 1000w, https:\/\/sonerbox.fr\/wpempreintes\/wp-content\/uploads\/2022\/06\/Cabane-terre-300x225.jpg 300w, https:\/\/sonerbox.fr\/wpempreintes\/wp-content\/uploads\/2022\/06\/Cabane-terre-768x576.jpg 768w, https:\/\/sonerbox.fr\/wpempreintes\/wp-content\/uploads\/2022\/06\/Cabane-terre-80x60.jpg 80w, https:\/\/sonerbox.fr\/wpempreintes\/wp-content\/uploads\/2022\/06\/Cabane-terre-640x480.jpg 640w, https:\/\/sonerbox.fr\/wpempreintes\/wp-content\/uploads\/2022\/06\/Cabane-terre-110x83.jpg 110w\" sizes=\"auto, (max-width: 1000px) 100vw, 1000px\" \/><\/figure>\n\n\n\n<figure class=\"wp-block-image size-large\"><img loading=\"lazy\" decoding=\"async\" width=\"474\" height=\"316\" data-id=\"189\" src=\"https:\/\/sonerbox.fr\/wpempreintes\/wp-content\/uploads\/2022\/06\/Yourte.jpg\" alt=\"\" class=\"wp-image-189\" srcset=\"https:\/\/sonerbox.fr\/wpempreintes\/wp-content\/uploads\/2022\/06\/Yourte.jpg 474w, https:\/\/sonerbox.fr\/wpempreintes\/wp-content\/uploads\/2022\/06\/Yourte-300x200.jpg 300w, https:\/\/sonerbox.fr\/wpempreintes\/wp-content\/uploads\/2022\/06\/Yourte-90x60.jpg 90w, https:\/\/sonerbox.fr\/wpempreintes\/wp-content\/uploads\/2022\/06\/Yourte-370x247.jpg 370w\" sizes=\"auto, (max-width: 474px) 100vw, 474px\" \/><\/figure>\n<\/figure>\n\n\n\n<p class=\"has-text-align-center\" style=\"font-size:17px\"><em>Des constructions possibles et inspirantes : la forme circulaire et\/ou les mat\u00e9riaux donnent une dimension plus vivante et chaleureuse \u00e0 l&rsquo;int\u00e9rieur. Le local respectera les normes d&rsquo;un \u00e9tablissement recevant du public et permettra l&rsquo;acc\u00e8s aux personnes \u00e0 mobilit\u00e9 r\u00e9duite.<\/em><\/p>\n\n\n\n<div style=\"height:25px\" aria-hidden=\"true\" class=\"wp-block-spacer\"><\/div>\n\n\n\n<div class=\"wp-block-media-text alignfull is-stacked-on-mobile is-vertically-aligned-center\" style=\"grid-template-columns:32% auto\"><figure class=\"wp-block-media-text__media\"><img loading=\"lazy\" decoding=\"async\" width=\"364\" height=\"319\" src=\"https:\/\/sonerbox.fr\/wpempreintes\/wp-content\/uploads\/2022\/06\/Ombre-corps.jpg\" alt=\"\" class=\"wp-image-636 size-full\" srcset=\"https:\/\/sonerbox.fr\/wpempreintes\/wp-content\/uploads\/2022\/06\/Ombre-corps.jpg 364w, https:\/\/sonerbox.fr\/wpempreintes\/wp-content\/uploads\/2022\/06\/Ombre-corps-300x263.jpg 300w, https:\/\/sonerbox.fr\/wpempreintes\/wp-content\/uploads\/2022\/06\/Ombre-corps-68x60.jpg 68w\" sizes=\"auto, (max-width: 364px) 100vw, 364px\" \/><\/figure><div class=\"wp-block-media-text__content\">\n<p class=\"has-text-align-left\" style=\"font-size:18px\">Le temps du massage permet de <strong><mark style=\"background-color:rgba(0, 0, 0, 0);color:#8ac7aa\" class=\"has-inline-color\">faire corps avec son corps<\/mark><\/strong> et de sentir, au-del\u00e0 de la s\u00e9ance, que le corps a sa place dans le monde qui l&rsquo;entoure. \u00catre mass\u00e9.e dans lieu de nature prolonge cette sensation de faire corps avec elle.<\/p>\n<\/div><\/div>\n\n\n\n<div class=\"wp-block-media-text alignfull is-stacked-on-mobile is-vertically-aligned-center\" style=\"grid-template-columns:32% auto\"><figure class=\"wp-block-media-text__media\"><img loading=\"lazy\" decoding=\"async\" width=\"474\" height=\"355\" src=\"https:\/\/sonerbox.fr\/wpempreintes\/wp-content\/uploads\/2022\/06\/Plantes-carres.jpg\" alt=\"\" class=\"wp-image-570 size-full\" srcset=\"https:\/\/sonerbox.fr\/wpempreintes\/wp-content\/uploads\/2022\/06\/Plantes-carres.jpg 474w, https:\/\/sonerbox.fr\/wpempreintes\/wp-content\/uploads\/2022\/06\/Plantes-carres-300x225.jpg 300w, https:\/\/sonerbox.fr\/wpempreintes\/wp-content\/uploads\/2022\/06\/Plantes-carres-80x60.jpg 80w, https:\/\/sonerbox.fr\/wpempreintes\/wp-content\/uploads\/2022\/06\/Plantes-carres-110x83.jpg 110w\" sizes=\"auto, (max-width: 474px) 100vw, 474px\" \/><\/figure><div class=\"wp-block-media-text__content\">\n<p class=\"has-text-align-left\" style=\"font-size:18px\">L&rsquo;acc\u00e8s au local sera orn\u00e9 d&rsquo;un jardin en carr\u00e9s dans la tradition m\u00e9di\u00e9vale, ceci afin de rappeler le lien entre les plantes et les vertus des huiles utilis\u00e9es en massage. Il est bien entendu que les huiles v\u00e9g\u00e9tales et essentielles que j\u2019utiliserai ne seront pas issues de ma fabrication ni de ce jardin m\u00e9di\u00e9val, qui sera aussi l\u00e0 pour son cachet et ses odeurs !<\/p>\n<\/div><\/div>\n\n\n\n<hr class=\"wp-block-separator has-alpha-channel-opacity\"\/>\n\n\n\n<h5 class=\"wp-block-heading\"><mark style=\"background-color:rgba(0, 0, 0, 0);color:#8ac7aa\" class=\"has-inline-color\">Massage et philosophie, corps et esprit<\/mark><\/h5>\n\n\n\n<p style=\"font-size:18px\">Je tisse des liens entre des ateliers de philosophie et le massage et anime des ateliers que j&rsquo;appelle <a href=\"https:\/\/sonerbox.fr\/philoesie\/philo-massage\/\" target=\"_blank\" rel=\"noopener\" title=\"\">philo-massage, \u00e0  l&rsquo;\u00e9cole et en famille.<\/a><\/p>\n\n\n\n<p style=\"font-size:18px\">J&rsquo;envisage de proposer des ateliers collectifs de philosophie qui <strong><mark style=\"background-color:rgba(0, 0, 0, 0);color:#8ac7aa\" class=\"has-inline-color\">questionnent le corps et l&rsquo;esprit, l&rsquo;existence, la mati\u00e8re et l&rsquo;id\u00e9e, l&rsquo;\u00eatre et l&rsquo;apparence<\/mark><\/strong>&#8230;  ; des moments d&rsquo;auto-massage ; un massage individuel.<\/p>\n\n\n\n<div class=\"wp-block-columns is-layout-flex wp-container-core-columns-is-layout-9d6595d7 wp-block-columns-is-layout-flex\">\n<div class=\"wp-block-column is-layout-flow wp-block-column-is-layout-flow\" style=\"flex-basis:66.66%\">\n<figure class=\"wp-block-image size-full is-resized\"><a href=\"https:\/\/www.philoesie.fr\/\" target=\"_blank\" rel=\"noreferrer noopener\"><img loading=\"lazy\" decoding=\"async\" src=\"https:\/\/sonerbox.fr\/wpempreintes\/wp-content\/uploads\/2022\/06\/LOGO-Philoesie-3.jpg\" alt=\"Projets\" class=\"wp-image-588\" width=\"356\" height=\"203\" srcset=\"https:\/\/sonerbox.fr\/wpempreintes\/wp-content\/uploads\/2022\/06\/LOGO-Philoesie-3.jpg 500w, https:\/\/sonerbox.fr\/wpempreintes\/wp-content\/uploads\/2022\/06\/LOGO-Philoesie-3-300x172.jpg 300w, https:\/\/sonerbox.fr\/wpempreintes\/wp-content\/uploads\/2022\/06\/LOGO-Philoesie-3-105x60.jpg 105w\" sizes=\"auto, (max-width: 356px) 100vw, 356px\" \/><\/a><\/figure>\n<\/div>\n\n\n\n<div class=\"wp-block-column is-layout-flow wp-block-column-is-layout-flow\" style=\"flex-basis:33.33%\">\n<figure class=\"wp-block-image size-full is-resized\"><img loading=\"lazy\" decoding=\"async\" src=\"https:\/\/sonerbox.fr\/wpempreintes\/wp-content\/uploads\/2022\/06\/LOGO-FINAL-COULEURS-sans-fond-e1654259139164.png\" alt=\"\" class=\"wp-image-116\" width=\"177\" height=\"177\" srcset=\"https:\/\/sonerbox.fr\/wpempreintes\/wp-content\/uploads\/2022\/06\/LOGO-FINAL-COULEURS-sans-fond-e1654259139164.png 300w, https:\/\/sonerbox.fr\/wpempreintes\/wp-content\/uploads\/2022\/06\/LOGO-FINAL-COULEURS-sans-fond-e1654259139164-150x150.png 150w, https:\/\/sonerbox.fr\/wpempreintes\/wp-content\/uploads\/2022\/06\/LOGO-FINAL-COULEURS-sans-fond-e1654259139164-60x60.png 60w\" sizes=\"auto, (max-width: 177px) 100vw, 177px\" \/><\/figure>\n<\/div>\n<\/div>\n\n\n\n<p class=\"has-text-align-center\" style=\"font-size:16px\"><em>Lier le corps et l&rsquo;esprit en m\u00ealant mes deux pratiques (animatrice d&rsquo;ateliers philo et masseuse) et en m&rsquo;associant \u00e0 d&rsquo;autres praticien.ne.s, pour une journ\u00e9e ou un week-end d\u00e9di\u00e9.<\/em><\/p>\n","protected":false},"excerpt":{"rendered":"<p>\u00c0 travers la pratique du massage, je r\u00eave quelques projets&#8230; Un futur local de massage Mon souhait est de m&rsquo;installer et de proposer les massages bien-\u00eatre dans un local insolite &hellip; <\/p>\n","protected":false},"author":1,"featured_media":0,"parent":0,"menu_order":0,"comment_status":"closed","ping_status":"closed","template":"","meta":{"footnotes":""},"class_list":["post-155","page","type-page","status-publish","hentry"],"aioseo_notices":[],"_links":{"self":[{"href":"https:\/\/sonerbox.fr\/wpempreintes\/wp-json\/wp\/v2\/pages\/155","targetHints":{"allow":["GET"]}}],"collection":[{"href":"https:\/\/sonerbox.fr\/wpempreintes\/wp-json\/wp\/v2\/pages"}],"about":[{"href":"https:\/\/sonerbox.fr\/wpempreintes\/wp-json\/wp\/v2\/types\/page"}],"author":[{"embeddable":true,"href":"https:\/\/sonerbox.fr\/wpempreintes\/wp-json\/wp\/v2\/users\/1"}],"replies":[{"embeddable":true,"href":"https:\/\/sonerbox.fr\/wpempreintes\/wp-json\/wp\/v2\/comments?post=155"}],"version-history":[{"count":61,"href":"https:\/\/sonerbox.fr\/wpempreintes\/wp-json\/wp\/v2\/pages\/155\/revisions"}],"predecessor-version":[{"id":1459,"href":"https:\/\/sonerbox.fr\/wpempreintes\/wp-json\/wp\/v2\/pages\/155\/revisions\/1459"}],"wp:attachment":[{"href":"https:\/\/sonerbox.fr\/wpempreintes\/wp-json\/wp\/v2\/media?parent=155"}],"curies":[{"name":"wp","href":"https:\/\/api.w.org\/{rel}","templated":true}]}}