{"id":68,"date":"2022-06-02T21:35:11","date_gmt":"2022-06-02T19:35:11","guid":{"rendered":"https:\/\/sonerbox.fr\/wpempreintes\/?page_id=68"},"modified":"2026-03-27T14:14:11","modified_gmt":"2026-03-27T13:14:11","slug":"entreprise","status":"publish","type":"page","link":"https:\/\/sonerbox.fr\/wpempreintes\/entreprise\/","title":{"rendered":"En entreprise"},"content":{"rendered":"\n<h5 class=\"wp-block-heading has-text-align-center\"><mark style=\"background-color:#ffffff;color:#8ac7aa\" class=\"has-inline-color\">Mieux-\u00eatre au travail et massage assis<\/mark><\/h5>\n\n\n\n<hr class=\"wp-block-separator has-alpha-channel-opacity\"\/>\n\n\n\n<figure class=\"wp-block-image size-large\"><img loading=\"lazy\" decoding=\"async\" width=\"1024\" height=\"914\" src=\"https:\/\/sonerbox.fr\/wpempreintes\/wp-content\/uploads\/2025\/09\/20250822-SAM-Massage-assis-1024x914.jpeg\" alt=\"\" class=\"wp-image-1644\" srcset=\"https:\/\/sonerbox.fr\/wpempreintes\/wp-content\/uploads\/2025\/09\/20250822-SAM-Massage-assis-1024x914.jpeg 1024w, https:\/\/sonerbox.fr\/wpempreintes\/wp-content\/uploads\/2025\/09\/20250822-SAM-Massage-assis-300x268.jpeg 300w, https:\/\/sonerbox.fr\/wpempreintes\/wp-content\/uploads\/2025\/09\/20250822-SAM-Massage-assis-768x685.jpeg 768w, https:\/\/sonerbox.fr\/wpempreintes\/wp-content\/uploads\/2025\/09\/20250822-SAM-Massage-assis-1536x1371.jpeg 1536w, https:\/\/sonerbox.fr\/wpempreintes\/wp-content\/uploads\/2025\/09\/20250822-SAM-Massage-assis.jpeg 1694w\" sizes=\"auto, (max-width: 1024px) 100vw, 1024px\" \/><\/figure>\n\n\n\n<hr class=\"wp-block-separator has-alpha-channel-opacity\"\/>\n\n\n\n<p style=\"font-size:18px\">Le <a href=\"https:\/\/sonerbox.fr\/wpempreintes\/massages-sans-huile\/\" target=\"_blank\" rel=\"noopener\" title=\"\">massage assis<\/a> se pr\u00eate parfaitement au mieux-\u00eatre en entreprise : cet <a href=\"https:\/\/praticiennebienetre.com\/blog\/massages\/massages-entreprise\/\" target=\"_blank\" rel=\"noopener\">article<\/a> tr\u00e8s complet d&rsquo;une praticienne et <a href=\"https:\/\/www.alorem.fr\/le-massage-assis-est-il-financierement-rentable-pour-lentreprise\/\" target=\"_blank\" rel=\"noopener\">cette \u00e9tude sur le stress au travail et l&rsquo;impact du massage<\/a> le pr\u00e9sentent avec soin et pr\u00e9cision.<\/p>\n\n\n\n<div class=\"wp-block-media-text alignfull is-stacked-on-mobile is-vertically-aligned-center\" style=\"grid-template-columns:25% auto\"><figure class=\"wp-block-media-text__media\"><img loading=\"lazy\" decoding=\"async\" width=\"212\" height=\"300\" src=\"https:\/\/sonerbox.fr\/wpempreintes\/wp-content\/uploads\/2022\/06\/Massage-assis-212x300.jpg\" alt=\"Les Empreintes - Flore Proust, massage bien-\u00eatre en entreprise\" class=\"wp-image-387 size-medium\" srcset=\"https:\/\/sonerbox.fr\/wpempreintes\/wp-content\/uploads\/2022\/06\/Massage-assis-212x300.jpg 212w, https:\/\/sonerbox.fr\/wpempreintes\/wp-content\/uploads\/2022\/06\/Massage-assis-42x60.jpg 42w, https:\/\/sonerbox.fr\/wpempreintes\/wp-content\/uploads\/2022\/06\/Massage-assis.jpg 238w\" sizes=\"auto, (max-width: 212px) 100vw, 212px\" \/><\/figure><div class=\"wp-block-media-text__content\">\n<p style=\"font-size:18px\">Il dure 15 minutes. Tr\u00e8s chor\u00e9graphi\u00e9, il suit deux mouvements : une premi\u00e8re phase de d\u00e9tente profonde et une seconde phase de dynamisation du corps. Pratiqu\u00e9 sur une chaise, il est tr\u00e8s facile de le mettre en place sur un lieu de travail. S&rsquo;il n&rsquo;est pas possible d&rsquo;avoir une pi\u00e8ce d\u00e9di\u00e9e, j&rsquo;apporte un paravent pour permettre un certain confort. La chaise est nettoy\u00e9e et le prot\u00e8ge-t\u00eati\u00e8re chang\u00e9 entre chaque personne mass\u00e9e.<\/p>\n<\/div><\/div>\n\n\n\n<div style=\"height:40px\" aria-hidden=\"true\" class=\"wp-block-spacer\"><\/div>\n\n\n\n<p style=\"font-size:18px\">Pour accueillir le massage en entreprise, <strong><mark style=\"background-color:rgba(0, 0, 0, 0);color:#8ac7aa\" class=\"has-inline-color\">un devis<\/mark><\/strong> sera \u00e9tabli pour prendre en compte la fr\u00e9quence et la dur\u00e9e de la prestation ainsi que les frais de d\u00e9placement (voir article 11 des <a href=\"https:\/\/sonerbox.fr\/wpempreintes\/conditions-generales-de-vente\/\" target=\"_blank\" rel=\"noopener\">Conditions g\u00e9n\u00e9rales de vente<\/a>).<\/p>\n\n\n\n<p style=\"font-size:18px\">Si vous \u00eates int\u00e9ress\u00e9\u00b7e, n&rsquo;h\u00e9sitez pas \u00e0 me contacter pour plus d&rsquo;informations : 06.98.09.01.72 \/ floreproust.pro@gmail.com<\/p>\n","protected":false},"excerpt":{"rendered":"<p>Mieux-\u00eatre au travail et massage assis Le massage assis se pr\u00eate parfaitement au mieux-\u00eatre en entreprise : cet article tr\u00e8s complet d&rsquo;une praticienne et cette \u00e9tude sur le stress au &hellip; <\/p>\n","protected":false},"author":1,"featured_media":0,"parent":0,"menu_order":0,"comment_status":"closed","ping_status":"closed","template":"","meta":{"footnotes":""},"class_list":["post-68","page","type-page","status-publish","hentry"],"aioseo_notices":[],"_links":{"self":[{"href":"https:\/\/sonerbox.fr\/wpempreintes\/wp-json\/wp\/v2\/pages\/68","targetHints":{"allow":["GET"]}}],"collection":[{"href":"https:\/\/sonerbox.fr\/wpempreintes\/wp-json\/wp\/v2\/pages"}],"about":[{"href":"https:\/\/sonerbox.fr\/wpempreintes\/wp-json\/wp\/v2\/types\/page"}],"author":[{"embeddable":true,"href":"https:\/\/sonerbox.fr\/wpempreintes\/wp-json\/wp\/v2\/users\/1"}],"replies":[{"embeddable":true,"href":"https:\/\/sonerbox.fr\/wpempreintes\/wp-json\/wp\/v2\/comments?post=68"}],"version-history":[{"count":46,"href":"https:\/\/sonerbox.fr\/wpempreintes\/wp-json\/wp\/v2\/pages\/68\/revisions"}],"predecessor-version":[{"id":1680,"href":"https:\/\/sonerbox.fr\/wpempreintes\/wp-json\/wp\/v2\/pages\/68\/revisions\/1680"}],"wp:attachment":[{"href":"https:\/\/sonerbox.fr\/wpempreintes\/wp-json\/wp\/v2\/media?parent=68"}],"curies":[{"name":"wp","href":"https:\/\/api.w.org\/{rel}","templated":true}]}}