{"id":70,"date":"2022-06-02T21:35:35","date_gmt":"2022-06-02T19:35:35","guid":{"rendered":"https:\/\/sonerbox.fr\/wpempreintes\/?page_id=70"},"modified":"2023-02-16T18:43:39","modified_gmt":"2023-02-16T17:43:39","slug":"praticienne","status":"publish","type":"page","link":"https:\/\/sonerbox.fr\/wpempreintes\/praticienne\/","title":{"rendered":"Formation"},"content":{"rendered":"\n<div class=\"wp-block-media-text alignfull is-vertically-aligned-center\" style=\"grid-template-columns:26% auto\"><figure class=\"wp-block-media-text__media\"><img loading=\"lazy\" decoding=\"async\" width=\"1024\" height=\"702\" src=\"https:\/\/sonerbox.fr\/wpempreintes\/wp-content\/uploads\/2023\/02\/20221027_230844-1024x702.jpg\" alt=\"\" class=\"wp-image-1115 size-full\" srcset=\"https:\/\/sonerbox.fr\/wpempreintes\/wp-content\/uploads\/2023\/02\/20221027_230844-1024x702.jpg 1024w, https:\/\/sonerbox.fr\/wpempreintes\/wp-content\/uploads\/2023\/02\/20221027_230844-300x206.jpg 300w, https:\/\/sonerbox.fr\/wpempreintes\/wp-content\/uploads\/2023\/02\/20221027_230844-768x527.jpg 768w, https:\/\/sonerbox.fr\/wpempreintes\/wp-content\/uploads\/2023\/02\/20221027_230844-88x60.jpg 88w, https:\/\/sonerbox.fr\/wpempreintes\/wp-content\/uploads\/2023\/02\/20221027_230844.jpg 1352w\" sizes=\"auto, (max-width: 1024px) 100vw, 1024px\" \/><\/figure><div class=\"wp-block-media-text__content\">\n<p class=\"has-text-align-left has-extra-small-font-size\"><mark><mark style=\"background-color:#ffffff;color:#8ac7aa\" class=\"has-inline-color\"><strong>Flore Proust<\/strong><\/mark><\/mark><\/p>\n<\/div><\/div>\n\n\n\n<hr class=\"wp-block-separator has-alpha-channel-opacity\"\/>\n\n\n\n<div class=\"wp-block-media-text alignwide is-stacked-on-mobile\" style=\"grid-template-columns:16% auto\"><figure class=\"wp-block-media-text__media\"><img loading=\"lazy\" decoding=\"async\" width=\"283\" height=\"226\" src=\"https:\/\/sonerbox.fr\/wpempreintes\/wp-content\/uploads\/2023\/02\/logo-hypotenuse-ecole.jpg\" alt=\"Logo de l'\u00e9cole Institut Hypot\u00e9nuse, qui a d\u00e9livr\u00e9 le titre de &quot;Praticien en massages de bien-\u00eatre&quot; \u00e0 Flore Proust.\" class=\"wp-image-1357 size-full\" srcset=\"https:\/\/sonerbox.fr\/wpempreintes\/wp-content\/uploads\/2023\/02\/logo-hypotenuse-ecole.jpg 283w, https:\/\/sonerbox.fr\/wpempreintes\/wp-content\/uploads\/2023\/02\/logo-hypotenuse-ecole-75x60.jpg 75w\" sizes=\"auto, (max-width: 283px) 100vw, 283px\" \/><\/figure><div class=\"wp-block-media-text__content\">\n<div class=\"wp-block-columns is-layout-flex wp-container-core-columns-is-layout-9d6595d7 wp-block-columns-is-layout-flex\">\n<div class=\"wp-block-column is-layout-flow wp-block-column-is-layout-flow\" style=\"flex-basis:100%\">\n<p style=\"font-size:18px\">2021-2022 : Pr\u00e9paration et obtention du <strong><mark style=\"background-color:rgba(0, 0, 0, 0);color:#8ac7aa\" class=\"has-inline-color\">titre RNCP \u00ab\u00a0Praticien en massages de bien-\u00eatre\u00a0\u00bb<\/mark><\/strong>, reconnu par l&rsquo;\u00c9tat, aupr\u00e8s de <a href=\"https:\/\/www.ecole-formationmassage.com\/\" target=\"_blank\" rel=\"noreferrer noopener\">l&rsquo;\u00e9cole Institut Hypot\u00e9nuse<\/a>.<\/p>\n<\/div>\n<\/div>\n<\/div><\/div>\n\n\n<div class=\"wp-block-image\">\n<figure class=\"aligncenter size-large is-resized\"><img loading=\"lazy\" decoding=\"async\" src=\"https:\/\/sonerbox.fr\/wpempreintes\/wp-content\/uploads\/2023\/02\/Titre-qualite-1-1024x525.jpg\" alt=\"\" class=\"wp-image-1140\" width=\"620\" height=\"317\" srcset=\"https:\/\/sonerbox.fr\/wpempreintes\/wp-content\/uploads\/2023\/02\/Titre-qualite-1-1024x525.jpg 1024w, https:\/\/sonerbox.fr\/wpempreintes\/wp-content\/uploads\/2023\/02\/Titre-qualite-1-300x154.jpg 300w, https:\/\/sonerbox.fr\/wpempreintes\/wp-content\/uploads\/2023\/02\/Titre-qualite-1-768x394.jpg 768w, https:\/\/sonerbox.fr\/wpempreintes\/wp-content\/uploads\/2023\/02\/Titre-qualite-1-1536x788.jpg 1536w, https:\/\/sonerbox.fr\/wpempreintes\/wp-content\/uploads\/2023\/02\/Titre-qualite-1-117x60.jpg 117w, https:\/\/sonerbox.fr\/wpempreintes\/wp-content\/uploads\/2023\/02\/Titre-qualite-1.jpg 1741w\" sizes=\"auto, (max-width: 620px) 100vw, 620px\" \/><\/figure>\n<\/div>\n\n\n<hr class=\"wp-block-separator has-alpha-channel-opacity\"\/>\n\n\n\n<div class=\"wp-block-media-text alignwide is-stacked-on-mobile\" style=\"grid-template-columns:20% auto\"><figure class=\"wp-block-media-text__media\"><img loading=\"lazy\" decoding=\"async\" width=\"1024\" height=\"603\" src=\"https:\/\/sonerbox.fr\/wpempreintes\/wp-content\/uploads\/2023\/02\/Logo-MISA-France-1024x603.jpeg\" alt=\"Logo de l'association MISA-France, qui a d\u00e9livr\u00e9 le titre d' &quot;Instructrice MISP&quot; \u00e0 Flore Proust.\" class=\"wp-image-1120 size-full\" srcset=\"https:\/\/sonerbox.fr\/wpempreintes\/wp-content\/uploads\/2023\/02\/Logo-MISA-France-1024x603.jpeg 1024w, https:\/\/sonerbox.fr\/wpempreintes\/wp-content\/uploads\/2023\/02\/Logo-MISA-France-300x177.jpeg 300w, https:\/\/sonerbox.fr\/wpempreintes\/wp-content\/uploads\/2023\/02\/Logo-MISA-France-768x453.jpeg 768w, https:\/\/sonerbox.fr\/wpempreintes\/wp-content\/uploads\/2023\/02\/Logo-MISA-France-102x60.jpeg 102w, https:\/\/sonerbox.fr\/wpempreintes\/wp-content\/uploads\/2023\/02\/Logo-MISA-France.jpeg 1181w\" sizes=\"auto, (max-width: 1024px) 100vw, 1024px\" \/><\/figure><div class=\"wp-block-media-text__content\">\n<p style=\"font-size:18px\">d\u00e9cembre 2022 : formation <strong><mark style=\"background-color:rgba(0, 0, 0, 0);color:#8ac7aa\" class=\"has-inline-color\">Instructrice certifi\u00e9e MISP\u2122<\/mark><\/strong> (atelier <strong><mark style=\"background-color:rgba(0, 0, 0, 0);color:#8ac7aa\" class=\"has-inline-color\">massage \u00e0 l&rsquo;\u00e9cole<\/mark><\/strong>, atelier <strong><mark style=\"background-color:rgba(0, 0, 0, 0);color:#8ac7aa\" class=\"has-inline-color\">parentalit\u00e9 autour du mouvement et du toucher<\/mark><\/strong>) aupr\u00e8s de l&rsquo;association <a href=\"https:\/\/www.misa-france.fr\/\" target=\"_blank\" rel=\"noopener\" title=\"\">MISA<\/a> (Massage in School Association).<\/p>\n<\/div><\/div>\n\n\n\n<div style=\"height:53px\" aria-hidden=\"true\" class=\"wp-block-spacer\"><\/div>\n\n\n\n<div class=\"wp-block-columns are-vertically-aligned-center is-layout-flex wp-container-core-columns-is-layout-9d6595d7 wp-block-columns-is-layout-flex\">\n<div class=\"wp-block-column is-vertically-aligned-center is-layout-flow wp-block-column-is-layout-flow\" style=\"flex-basis:33.33%\">\n<figure class=\"wp-block-image size-large\"><img loading=\"lazy\" decoding=\"async\" width=\"770\" height=\"1024\" src=\"https:\/\/sonerbox.fr\/wpempreintes\/wp-content\/uploads\/2023\/02\/image0-770x1024.jpeg\" alt=\"\" class=\"wp-image-1361\" srcset=\"https:\/\/sonerbox.fr\/wpempreintes\/wp-content\/uploads\/2023\/02\/image0-770x1024.jpeg 770w, https:\/\/sonerbox.fr\/wpempreintes\/wp-content\/uploads\/2023\/02\/image0-225x300.jpeg 225w, https:\/\/sonerbox.fr\/wpempreintes\/wp-content\/uploads\/2023\/02\/image0-768x1022.jpeg 768w, https:\/\/sonerbox.fr\/wpempreintes\/wp-content\/uploads\/2023\/02\/image0-45x60.jpeg 45w, https:\/\/sonerbox.fr\/wpempreintes\/wp-content\/uploads\/2023\/02\/image0.jpeg 1132w\" sizes=\"auto, (max-width: 770px) 100vw, 770px\" \/><\/figure>\n\n\n\n<p class=\"has-text-align-left\" style=\"font-size:15px\"><em>Une \u00e9l\u00e8ve est mass\u00e9e par une camarade.<\/em><\/p>\n<\/div>\n\n\n\n<div class=\"wp-block-column is-vertically-aligned-center is-layout-flow wp-block-column-is-layout-flow\" style=\"flex-basis:66.66%\"><div class=\"wp-block-image\">\n<figure class=\"aligncenter size-large is-resized\"><img loading=\"lazy\" decoding=\"async\" src=\"https:\/\/sonerbox.fr\/wpempreintes\/wp-content\/uploads\/2023\/02\/Philo-Massage-1024x576.jpg\" alt=\"\" class=\"wp-image-1142\" width=\"573\" height=\"321\" srcset=\"https:\/\/sonerbox.fr\/wpempreintes\/wp-content\/uploads\/2023\/02\/Philo-Massage-1024x576.jpg 1024w, https:\/\/sonerbox.fr\/wpempreintes\/wp-content\/uploads\/2023\/02\/Philo-Massage-300x169.jpg 300w, https:\/\/sonerbox.fr\/wpempreintes\/wp-content\/uploads\/2023\/02\/Philo-Massage-768x432.jpg 768w, https:\/\/sonerbox.fr\/wpempreintes\/wp-content\/uploads\/2023\/02\/Philo-Massage-1536x864.jpg 1536w, https:\/\/sonerbox.fr\/wpempreintes\/wp-content\/uploads\/2023\/02\/Philo-Massage-107x60.jpg 107w, https:\/\/sonerbox.fr\/wpempreintes\/wp-content\/uploads\/2023\/02\/Philo-Massage.jpg 1920w\" sizes=\"auto, (max-width: 573px) 100vw, 573px\" \/><\/figure>\n<\/div><\/div>\n<\/div>\n\n\n\n<hr class=\"wp-block-separator has-alpha-channel-opacity\"\/>\n","protected":false},"excerpt":{"rendered":"<p>Flore Proust d\u00e9cembre 2022 : formation Instructrice certifi\u00e9e MISP\u2122 (atelier massage \u00e0 l&rsquo;\u00e9cole, atelier parentalit\u00e9 autour du mouvement et du toucher) aupr\u00e8s de l&rsquo;association MISA (Massage in School Association). Une &hellip; <\/p>\n","protected":false},"author":1,"featured_media":0,"parent":0,"menu_order":0,"comment_status":"closed","ping_status":"closed","template":"","meta":{"footnotes":""},"class_list":["post-70","page","type-page","status-publish","hentry"],"aioseo_notices":[],"_links":{"self":[{"href":"https:\/\/sonerbox.fr\/wpempreintes\/wp-json\/wp\/v2\/pages\/70","targetHints":{"allow":["GET"]}}],"collection":[{"href":"https:\/\/sonerbox.fr\/wpempreintes\/wp-json\/wp\/v2\/pages"}],"about":[{"href":"https:\/\/sonerbox.fr\/wpempreintes\/wp-json\/wp\/v2\/types\/page"}],"author":[{"embeddable":true,"href":"https:\/\/sonerbox.fr\/wpempreintes\/wp-json\/wp\/v2\/users\/1"}],"replies":[{"embeddable":true,"href":"https:\/\/sonerbox.fr\/wpempreintes\/wp-json\/wp\/v2\/comments?post=70"}],"version-history":[{"count":104,"href":"https:\/\/sonerbox.fr\/wpempreintes\/wp-json\/wp\/v2\/pages\/70\/revisions"}],"predecessor-version":[{"id":1370,"href":"https:\/\/sonerbox.fr\/wpempreintes\/wp-json\/wp\/v2\/pages\/70\/revisions\/1370"}],"wp:attachment":[{"href":"https:\/\/sonerbox.fr\/wpempreintes\/wp-json\/wp\/v2\/media?parent=70"}],"curies":[{"name":"wp","href":"https:\/\/api.w.org\/{rel}","templated":true}]}}